{"id":2345,"date":"2024-07-11T08:43:05","date_gmt":"2024-07-11T14:43:05","guid":{"rendered":"http:\/\/20.12.222.199\/fundacion2024\/wordpress\/?page_id=2345"},"modified":"2024-08-20T06:01:57","modified_gmt":"2024-08-20T12:01:57","slug":"codigo-etica","status":"publish","type":"page","link":"https:\/\/fundaciontruperias.org.mx\/?page_id=2345","title":{"rendered":"C\u00f3digo de \u00c9tica"},"content":{"rendered":"\t\t<div data-elementor-type=\"wp-page\" data-elementor-id=\"2345\" class=\"elementor elementor-2345\">\n\t\t\t\t<div class=\"elementor-element elementor-element-83b068c e-flex e-con-boxed e-con e-parent\" data-id=\"83b068c\" data-element_type=\"container\" data-e-type=\"container\" data-settings=\"{&quot;background_background&quot;:&quot;classic&quot;}\">\n\t\t\t\t\t<div class=\"e-con-inner\">\n\t\t<div class=\"elementor-element elementor-element-f03c1d9 e-con-full e-flex e-con e-child\" data-id=\"f03c1d9\" data-element_type=\"container\" data-e-type=\"container\">\n\t\t\t\t<div class=\"elementor-element elementor-element-f218fa5 elementor-widget elementor-widget-heading\" data-id=\"f218fa5\" data-element_type=\"widget\" data-e-type=\"widget\" data-widget_type=\"heading.default\">\n\t\t\t\t<div class=\"elementor-widget-container\">\n\t\t\t\t\t<h2 class=\"elementor-heading-title elementor-size-default\">C\u00f3digo de \u00c9tica<\/h2>\t\t\t\t<\/div>\n\t\t\t\t<\/div>\n\t\t<div class=\"elementor-element elementor-element-ef6d253 e-con-full e-flex e-con e-child\" data-id=\"ef6d253\" data-element_type=\"container\" data-e-type=\"container\">\n\t\t<div class=\"elementor-element elementor-element-b5b4f95 e-con-full e-flex e-con e-child\" data-id=\"b5b4f95\" data-element_type=\"container\" data-e-type=\"container\">\n\t\t\t\t<div class=\"elementor-element elementor-element-804fa64 elementor-widget elementor-widget-heading\" data-id=\"804fa64\" data-element_type=\"widget\" data-e-type=\"widget\" data-widget_type=\"heading.default\">\n\t\t\t\t<div class=\"elementor-widget-container\">\n\t\t\t\t\t<h3 class=\"elementor-heading-title elementor-size-default\">Normativa Interna en materia de Integridad Fundaci\u00f3n Truper\u00edas A.C.<\/h3>\t\t\t\t<\/div>\n\t\t\t\t<\/div>\n\t\t\t\t<div class=\"elementor-element elementor-element-b2c11be elementor-widget elementor-widget-text-editor\" data-id=\"b2c11be\" data-element_type=\"widget\" data-e-type=\"widget\" data-widget_type=\"text-editor.default\">\n\t\t\t\t<div class=\"elementor-widget-container\">\n\t\t\t\t\t\t\t\t\t<div class=\"page\" title=\"Page 1\"><div class=\"layoutArea\"><div class=\"column\"><p>Las normas de integridad ayudan a prevenir la corrupcio\u0301n, los conflictos de intereses y otros comportamientos poco e\u0301ticos que socavan la confianza de la ciudadani\u0301a ante las instituciones.<\/p><ol><li><strong>Actuacio\u0301n pu\u0301blica.<\/strong><br \/>La Fundacio\u0301n se conduce con transparencia, honestidad, lealtad, cooperacio\u0301n, austeridad, y sin ostentacio\u0301n, con el fin de favorecer o ayudar a la sociedad.<\/li><li><strong>Informacio\u0301n pu\u0301blica.<\/strong><br \/>La Fundacio\u0301n es consciente al momento de compartir informacio\u0301n y lo hace de manera responsable.<\/li><li><strong>Contratacio\u0301n, licencias, permisos y autorizaciones.<\/strong><br \/>La Fundacio\u0301n participa en contrataciones pu\u0301blicas o en el otorgamiento de permisos, con los que se conduce con transparencia, imparcialidad y legalidad, orienta sus decisiones a las necesidades e intereses de la sociedad, y garantiza las mejores condiciones para su audiencia.<\/li><li><strong>Programas.<\/strong><br \/>La Fundacio\u0301n participa en el otorgamiento y operacio\u0301n de subsidios y apoyos de programas gubernamentales y privados para actividades arti\u0301sticas, donde se garantiza que la entrega de estos beneficios se apegue a los principios de igualdad y no discriminacio\u0301n, legalidad, transparencia y respeto.<\/li><li><strong>Contacto al pu\u0301blico.<\/strong><br \/>La Fundacio\u0301n atiende a su pu\u0301blico, integrado por familias, en forma respetuosa, eficiente, oportuna, responsable e imparcial. Ejerce una actitud cordial en su atencio\u0301n.<\/li><li><strong>Control interno.<\/strong><br \/>La Fundacio\u0301n participa en proceso en materia de control interno, genera, obtiene, utiliza y comunica informacio\u0301n suficiente, oportuna, confiable y de calidad, apega\u0301ndose a los principios de legalidad y rendicio\u0301n de cuentas.<\/li><li><strong>Procedimiento administrativo.<\/strong><br \/>La Fundacio\u0301n participa en procedimientos administrativos, tiene una cultura de denuncia, respeta las formalidades esenciales del procedimiento y la garanti\u0301a de audiencia conforme al principio de legalidad.<\/li><li><strong>Cooperacio\u0301n con la integridad<\/strong><br \/>La Fundacio\u0301n coopera con la dependencia con la que colabora y con las instancias encargadas de velar por la observancia de los principios y valores a la funcio\u0301n pu\u0301blica, en el fortalecimiento de la cultura e\u0301tica y de servicio a la sociedad.<\/li><li><strong>Comportamiento digno.<\/strong><br \/>La Fundacio\u0301n se conduce de forma digna, sin proferir expresiones o comportamientos inapropiados, usar lenguaje o realizar acciones de hostigamientos, manteniendo siempre una actitud de respeto hacia las personas con las que tiene o guarda relacio\u0301n en la funcio\u0301n pu\u0301blica.<\/li><\/ol><\/div><\/div><\/div>\t\t\t\t\t\t\t\t<\/div>\n\t\t\t\t<\/div>\n\t\t\t\t<\/div>\n\t\t<div class=\"elementor-element elementor-element-faa5909 e-con-full e-flex e-con e-child\" data-id=\"faa5909\" data-element_type=\"container\" data-e-type=\"container\">\n\t\t\t\t<div class=\"elementor-element elementor-element-e8bde7b elementor-widget elementor-widget-heading\" data-id=\"e8bde7b\" data-element_type=\"widget\" data-e-type=\"widget\" data-widget_type=\"heading.default\">\n\t\t\t\t<div class=\"elementor-widget-container\">\n\t\t\t\t\t<h3 class=\"elementor-heading-title elementor-size-default\">Integridad y Prevencio\u0301n de la Corrupcio\u0301n<\/h3>\t\t\t\t<\/div>\n\t\t\t\t<\/div>\n\t\t\t\t<div class=\"elementor-element elementor-element-172a9a6 elementor-widget elementor-widget-text-editor\" data-id=\"172a9a6\" data-element_type=\"widget\" data-e-type=\"widget\" data-widget_type=\"text-editor.default\">\n\t\t\t\t<div class=\"elementor-widget-container\">\n\t\t\t\t\t\t\t\t\t<ul><li>La integridad de la Fundacio\u0301n esta estrechamente relacionada con un a\u0301mbito donde la corrupcio\u0301n, el fraude, el abuso, la ilegalidad y otras irregularidades esta\u0301n ausente. Los servidores que conforman la Fundacio\u0301n actu\u0301an con integridad cuando observan valores y principios de la buena administracio\u0301n, como la honestidad, neutralidad, consideracio\u0301n, orientacio\u0301n al destinario, respeto y objetividad.<\/li><li>Asimismo, los integrantes de la Fundacio\u0301n cumplen con responsabilidades, ejercen su labor y atribuciones y utilizan sus recursos a su disposicio\u0301n en beneficio del intere\u0301s general al cual sirven.<\/li><li>Promueven una cultura abierta y transparente, en la cual se implementan mecanismos de denuncia efectivos que permitan conocer posibles actos corruptos.<\/li><\/ul><p>Fundacio\u0301n Truper\u00edas A.C. es consciente de que un acto corrupto lesiona la esfera integral con la que ha permanecido. Por lo que, de ser necesario, se ejecutara\u0301 una falta administrativa normada por las disposiciones legales aplicables.<\/p>\t\t\t\t\t\t\t\t<\/div>\n\t\t\t\t<\/div>\n\t\t\t\t<\/div>\n\t\t<div class=\"elementor-element elementor-element-8cb5478 e-con-full e-flex e-con e-child\" data-id=\"8cb5478\" data-element_type=\"container\" data-e-type=\"container\">\n\t\t\t\t<div class=\"elementor-element elementor-element-0132e0e elementor-widget elementor-widget-heading\" data-id=\"0132e0e\" data-element_type=\"widget\" data-e-type=\"widget\" data-widget_type=\"heading.default\">\n\t\t\t\t<div class=\"elementor-widget-container\">\n\t\t\t\t\t<h3 class=\"elementor-heading-title elementor-size-default\">C\u00f3digo de Conducta<\/h3>\t\t\t\t<\/div>\n\t\t\t\t<\/div>\n\t\t\t\t<div class=\"elementor-element elementor-element-8b053c0 elementor-widget elementor-widget-text-editor\" data-id=\"8b053c0\" data-element_type=\"widget\" data-e-type=\"widget\" data-widget_type=\"text-editor.default\">\n\t\t\t\t<div class=\"elementor-widget-container\">\n\t\t\t\t\t\t\t\t\t<p>Nuestro Co\u0301digo de Conducta establece principios que aseguran el desempen\u0303o y comportamiento de los colaboradores de la Fundacio\u0301n, segu\u0301n los valores que rigen a la empresa para evitar pra\u0301cticas no deseadas. Por lo tanto, establece las bases que nos permiten evaluar y resolver las eventualidades que se pueden presentar.<\/p><p>Objetivos principales:<\/p><ul><li>Establecer un lineamiento claro y preciso para el proceder de todos los miembros de Fundacio\u0301n Truper\u00edas A.C.<\/li><li>Ser la gui\u0301a que seguir en caso de presentarse alguna eventualidad que no este\u0301 especificada en ninguna de las poli\u0301ticas de la Fundacio\u0301n.<\/li><\/ul><p>Objetivos especi\u0301ficos:<\/p><ul><li>Ser de conocimiento pu\u0301blico por todos los miembros de Fundacio\u0301n Truperias A.C.<\/li><li>Establecer los valores que rigen a la Fundacio\u0301n.<\/li><li>Dar a conocer el objetivo y la misio\u0301n en la que se basa la compan\u0303i\u0301a.<\/li><li>Unificar criterios.<\/li><li>Crear identidad corporativa.<\/li><\/ul>\t\t\t\t\t\t\t\t<\/div>\n\t\t\t\t<\/div>\n\t\t\t\t<\/div>\n\t\t<div class=\"elementor-element elementor-element-012081a e-con-full e-flex e-con e-child\" data-id=\"012081a\" data-element_type=\"container\" data-e-type=\"container\">\n\t\t\t\t<div class=\"elementor-element elementor-element-4b7dea8 elementor-widget elementor-widget-heading\" data-id=\"4b7dea8\" data-element_type=\"widget\" data-e-type=\"widget\" data-widget_type=\"heading.default\">\n\t\t\t\t<div class=\"elementor-widget-container\">\n\t\t\t\t\t<h3 class=\"elementor-heading-title elementor-size-default\">Principios y valores<\/h3>\t\t\t\t<\/div>\n\t\t\t\t<\/div>\n\t\t\t\t<div class=\"elementor-element elementor-element-5eb0c42 elementor-widget elementor-widget-text-editor\" data-id=\"5eb0c42\" data-element_type=\"widget\" data-e-type=\"widget\" data-widget_type=\"text-editor.default\">\n\t\t\t\t<div class=\"elementor-widget-container\">\n\t\t\t\t\t\t\t\t\t<ol><li><strong> Honestidad<\/strong>: La Fundaci\u00f3n act\u00faa teniendo en cuenta que los fines p\u00fablicos excluyen cualquier comportamiento en detrimento del inter\u00e9s colectivo, no debiendo utilizar el cargo que se adjunta para obtener alg\u00fan provecho o ventaja personal.<\/li><li><strong>Lealtad<\/strong>: Los integrantes de la Fundaci\u00f3n act\u00faan con respeto, fidelidad a la instituci\u00f3n, as\u00ed como con constancia y compromiso.<\/li><li><strong>Valoraci\u00f3n de servicio<\/strong>: Se tiene presente la importancia a la disposici\u00f3n oportunidad a los requerimientos propios del trabajo y apoyar a las personas que as\u00ed lo requieran.<\/li><li><strong>Justicia<\/strong>: La Fundaci\u00f3n se conduce y act\u00faa con apego a las normas inherentes a la funci\u00f3n que se desempe\u00f1a dando a cada uno lo que le corresponde o le pertenece.<\/li><li><strong>Transparencia<\/strong>: La Fundaci\u00f3n hace uso claro y transparente de los recursos e informaci\u00f3n p\u00fablica a su disposici\u00f3n.<\/li><li><strong>Responsabilidad<\/strong>: La Fundaci\u00f3n cumple con las funciones asignadas, mostrando disposici\u00f3n y asumiendo las consecuencias de realizarlas o no.<\/li><\/ol>\t\t\t\t\t\t\t\t<\/div>\n\t\t\t\t<\/div>\n\t\t\t\t<\/div>\n\t\t<div class=\"elementor-element elementor-element-d66d5e3 e-con-full e-flex e-con e-child\" data-id=\"d66d5e3\" data-element_type=\"container\" data-e-type=\"container\">\n\t\t\t\t<div class=\"elementor-element elementor-element-153e2c6 elementor-widget elementor-widget-heading\" data-id=\"153e2c6\" data-element_type=\"widget\" data-e-type=\"widget\" data-widget_type=\"heading.default\">\n\t\t\t\t<div class=\"elementor-widget-container\">\n\t\t\t\t\t<h3 class=\"elementor-heading-title elementor-size-default\">Responsabilidad Social<\/h3>\t\t\t\t<\/div>\n\t\t\t\t<\/div>\n\t\t\t\t<div class=\"elementor-element elementor-element-59c10b3 elementor-widget elementor-widget-text-editor\" data-id=\"59c10b3\" data-element_type=\"widget\" data-e-type=\"widget\" data-widget_type=\"text-editor.default\">\n\t\t\t\t<div class=\"elementor-widget-container\">\n\t\t\t\t\t\t\t\t\t<ol><li>Ofrecer un servicio que responsa a las necesidades del p\u00fablico y al objetivo de la Fundaci\u00f3n.<\/li><li>Incluir la \u00e9tica en todas las decisiones que se toman en la Fundaci\u00f3n.<\/li><li>Poner al equipo de la fundaci\u00f3n como prioridad.<\/li><li>Respetar y priorizar la integridad de las infancias.<\/li><li>Tratar alos patrocinadores, autoridades y al p\u00fablico en general con respeto,<br \/>empat\u00eda y solidaridad.<\/li><\/ol><p>A trav\u00e9s del cumplimiento de nuestro C\u00f3digo de \u00c9tica y Conducta nos comprometemos a ser mejores cada d\u00eda, velando por que al interior de la Fundaci\u00f3n exista un inter\u00e9s constante por la calidad de esta, as\u00ed como la de sus colaboradores. A mantener relaciones \u00e9ticas y correctas con nuestros patrocinadores, a buscar un v\u00ednculo real y amistoso con la comunidad que nos rodea y asegurar responsabilidad y respeto hacia nuestro p\u00fablico.<\/p>\t\t\t\t\t\t\t\t<\/div>\n\t\t\t\t<\/div>\n\t\t\t\t<\/div>\n\t\t<div class=\"elementor-element elementor-element-5124beb e-con-full e-flex e-con e-child\" data-id=\"5124beb\" data-element_type=\"container\" data-e-type=\"container\">\n\t\t\t\t<div class=\"elementor-element elementor-element-62f6e8c elementor-widget elementor-widget-heading\" data-id=\"62f6e8c\" data-element_type=\"widget\" data-e-type=\"widget\" data-widget_type=\"heading.default\">\n\t\t\t\t<div class=\"elementor-widget-container\">\n\t\t\t\t\t<h3 class=\"elementor-heading-title elementor-size-default\">Pol\u00edticas de la Fundaci\u00f3n Truper\u00edas A.C.<\/h3>\t\t\t\t<\/div>\n\t\t\t\t<\/div>\n\t\t\t\t<div class=\"elementor-element elementor-element-42ea14e elementor-widget elementor-widget-text-editor\" data-id=\"42ea14e\" data-element_type=\"widget\" data-e-type=\"widget\" data-widget_type=\"text-editor.default\">\n\t\t\t\t<div class=\"elementor-widget-container\">\n\t\t\t\t\t\t\t\t\t<p>La Fundaci\u00f3n Truper\u00edas A. C. es una instituci\u00f3n mexicana sin fines de lucro dedicada a promover el goce y disfrute de los derechos culturales, comprometida con las infancias. Buscamos dejar en ellas experiencias de vida coadyuvantes para la reconstrucci\u00f3n del tejido social y mejoramiento de las condiciones de vida, a trav\u00e9s del arte y la cultura.<\/p>\t\t\t\t\t\t\t\t<\/div>\n\t\t\t\t<\/div>\n\t\t\t\t<\/div>\n\t\t<div class=\"elementor-element elementor-element-b4207c6 e-con-full e-flex e-con e-child\" data-id=\"b4207c6\" data-element_type=\"container\" data-e-type=\"container\">\n\t\t\t\t<div class=\"elementor-element elementor-element-fb49e31 elementor-widget elementor-widget-heading\" data-id=\"fb49e31\" data-element_type=\"widget\" data-e-type=\"widget\" data-widget_type=\"heading.default\">\n\t\t\t\t<div class=\"elementor-widget-container\">\n\t\t\t\t\t<h4 class=\"elementor-heading-title elementor-size-default\">MISI\u00d3N<\/h4>\t\t\t\t<\/div>\n\t\t\t\t<\/div>\n\t\t\t\t<div class=\"elementor-element elementor-element-6ff4364 elementor-widget elementor-widget-text-editor\" data-id=\"6ff4364\" data-element_type=\"widget\" data-e-type=\"widget\" data-widget_type=\"text-editor.default\">\n\t\t\t\t<div class=\"elementor-widget-container\">\n\t\t\t\t\t\t\t\t\t<p>Alimentar el alma a trav\u00e9s de las artes esc\u00e9nicas desde la primera infancia incidiendo en la formaci\u00f3n de ciudadanos m\u00e1s sensibles al arte, al trabajo de equipo y a la convivencia arm\u00f3nica con sus familias y comunidades.<\/p>\t\t\t\t\t\t\t\t<\/div>\n\t\t\t\t<\/div>\n\t\t\t\t<\/div>\n\t\t<div class=\"elementor-element elementor-element-e592936 e-con-full e-flex e-con e-child\" data-id=\"e592936\" data-element_type=\"container\" data-e-type=\"container\">\n\t\t\t\t<div class=\"elementor-element elementor-element-712f575 elementor-widget elementor-widget-heading\" data-id=\"712f575\" data-element_type=\"widget\" data-e-type=\"widget\" data-widget_type=\"heading.default\">\n\t\t\t\t<div class=\"elementor-widget-container\">\n\t\t\t\t\t<h4 class=\"elementor-heading-title elementor-size-default\">VISI\u00d3N<\/h4>\t\t\t\t<\/div>\n\t\t\t\t<\/div>\n\t\t\t\t<div class=\"elementor-element elementor-element-3243df4 elementor-widget elementor-widget-text-editor\" data-id=\"3243df4\" data-element_type=\"widget\" data-e-type=\"widget\" data-widget_type=\"text-editor.default\">\n\t\t\t\t<div class=\"elementor-widget-container\">\n\t\t\t\t\t\t\t\t\t<p>Ser la instituci\u00f3n cultural que logre el fortalecimiento de una cultura de paz, promoviendo el goce y disfrute de los derechos culturales, coadyuvando en la reconstrucci\u00f3n social, para que la ni\u00f1ez de nuestro pa\u00eds crezca dentro de entornos m\u00e1s libres y acogedores.<\/p>\t\t\t\t\t\t\t\t<\/div>\n\t\t\t\t<\/div>\n\t\t\t\t<\/div>\n\t\t<div class=\"elementor-element elementor-element-ba86fae e-con-full e-flex e-con e-child\" data-id=\"ba86fae\" data-element_type=\"container\" data-e-type=\"container\">\n\t\t\t\t<div class=\"elementor-element elementor-element-4fd2061 elementor-widget elementor-widget-heading\" data-id=\"4fd2061\" data-element_type=\"widget\" data-e-type=\"widget\" data-widget_type=\"heading.default\">\n\t\t\t\t<div class=\"elementor-widget-container\">\n\t\t\t\t\t<h4 class=\"elementor-heading-title elementor-size-default\">VALORES<\/h4>\t\t\t\t<\/div>\n\t\t\t\t<\/div>\n\t\t\t\t<div class=\"elementor-element elementor-element-76654b0 elementor-widget elementor-widget-text-editor\" data-id=\"76654b0\" data-element_type=\"widget\" data-e-type=\"widget\" data-widget_type=\"text-editor.default\">\n\t\t\t\t<div class=\"elementor-widget-container\">\n\t\t\t\t\t\t\t\t\t<p>Comprometidos con la sociedad buscamos fomentar la mejora interior de cada persona, la convivencia igualdad y la armon\u00eda social.<\/p><ul><li><strong>Respeto a los derechos humanos<\/strong><br \/>Desde la perspectiva de nuestro trabajo, adem\u00e1s de fomentar en nuestros contenidos el respeto y valoraci\u00f3n por los derechos humanos, tambi\u00e9n contribuimos a ellos desde la perspectiva de los derechos culturales. El derecho a la cultura, expresado en el art\u00edculo 4o de la Constituci\u00f3n define a la cultura como un derecho humano y se\u00f1ala que es necesario asegurar el disfrute de la cultura y del arte en condiciones de igualdad, dignidad humana y no discriminaci\u00f3n. En ese marco es que trabaja la Fundaci\u00f3n.<br \/><br \/><\/li><li><strong>Equidad de g\u00e9nero<\/strong><br \/>La equidad de g\u00e9nero en la Fundaci\u00f3n Truper\u00edas se promueve y se concreta en nuestro equipo de trabajo cotidiano, en el contenido de los espect\u00e1culos, en los elencos y en el equipo t\u00e9cnico.<br \/>Nuestra labor est\u00e1 destinada principalmente a familias en zonas poco favorecidas y es bien recibida por todos sus miembros; ni\u00f1os, ni\u00f1as, j\u00f3venes, adultos y personas mayores. Al presentar obras de teatro con contenido incluyente promovemos la equidad de g\u00e9nero y tambi\u00e9n la integraci\u00f3n de familias y comunidades.<br \/><br \/><\/li><li><strong>Profesionalismo<\/strong><br \/>Todo trabajo art\u00edstico que tenga respeto por el p\u00fablico exige profesionalismo en todas sus etapas y facetas. El ejercicio profesional que exige el teatro, y sobre todo el que se dirige a las infancias, se expresa en el resultado final, en el encuentro con p\u00fablicos muy diversos y en condiciones t\u00e9cnicas no \u00f3ptimas las m\u00e1s de las veces. La suma de compromiso y profesionalismo en todos los integrantes de la Fundaci\u00f3n hace posible sustentar lo dicho con resultados concretos.<br \/><br \/><\/li><li><strong>Transparencia<\/strong><br \/>Adem\u00e1s de cumplir con todos los ordenamientos legales y fiscales, los resultados son claros, tanto en lo concreto de las cifras y las metas cumplidas, como en la experiencia comunitaria que provoca el teatro, \u00fanica en cada ocasi\u00f3n.<br \/>El acercar el teatro para las infancias a comunidades con poco o nulo acceso a expresiones art\u00edsticas de calidad, es nuestra fortaleza y nuestra amplia \u00e1rea de oportunidad.<\/li><\/ul>\t\t\t\t\t\t\t\t<\/div>\n\t\t\t\t<\/div>\n\t\t\t\t<\/div>\n\t\t<div class=\"elementor-element elementor-element-f3d531a e-con-full e-flex e-con e-child\" data-id=\"f3d531a\" data-element_type=\"container\" data-e-type=\"container\">\n\t\t\t\t<div class=\"elementor-element elementor-element-5a950e5 elementor-widget elementor-widget-text-editor\" data-id=\"5a950e5\" data-element_type=\"widget\" data-e-type=\"widget\" data-widget_type=\"text-editor.default\">\n\t\t\t\t<div class=\"elementor-widget-container\">\n\t\t\t\t\t\t\t\t\t<h6>Merced G\u00f3mez 37PB, int.1, Colonia Merced G\u00f3mez, Alcald\u00eda Benito Ju\u00e1rez, C.P. 03930, Ciudad de M\u00e9xico, Tel. 55 56 74 612 9 www.fundaciontruperias.org.mx \/ fundaciontruperias@gmail.com<\/h6>\t\t\t\t\t\t\t\t<\/div>\n\t\t\t\t<\/div>\n\t\t\t\t<\/div>\n\t\t\t\t<\/div>\n\t\t\t\t<\/div>\n\t\t\t\t\t<\/div>\n\t\t\t\t<\/div>\n\t\t\t\t<\/div>\n\t\t","protected":false},"excerpt":{"rendered":"<p>C\u00f3digo de \u00c9tica Normativa Interna en materia de Integridad Fundaci\u00f3n Truper\u00edas A.C. Las normas de integridad ayudan a prevenir la corrupcio\u0301n, los conflictos de intereses y otros comportamientos poco e\u0301ticos que socavan la confianza de la ciudadani\u0301a ante las instituciones. Actuacio\u0301n pu\u0301blica.La Fundacio\u0301n se conduce con transparencia, honestidad, lealtad, cooperacio\u0301n, austeridad, y sin ostentacio\u0301n, con [&hellip;]<\/p>\n","protected":false},"author":1,"featured_media":0,"parent":0,"menu_order":0,"comment_status":"closed","ping_status":"closed","template":"","meta":{"site-sidebar-layout":"no-sidebar","site-content-layout":"page-builder","ast-site-content-layout":"full-width-container","site-content-style":"unboxed","site-sidebar-style":"unboxed","ast-global-header-display":"","ast-banner-title-visibility":"","ast-main-header-display":"","ast-hfb-above-header-display":"","ast-hfb-below-header-display":"","ast-hfb-mobile-header-display":"","site-post-title":"disabled","ast-breadcrumbs-content":"","ast-featured-img":"disabled","footer-sml-layout":"","ast-disable-related-posts":"","theme-transparent-header-meta":"enabled","adv-header-id-meta":"","stick-header-meta":"","header-above-stick-meta":"","header-main-stick-meta":"","header-below-stick-meta":"","astra-migrate-meta-layouts":"set","ast-page-background-enabled":"default","ast-page-background-meta":{"desktop":{"background-color":"var(--ast-global-color-4)","background-image":"","background-repeat":"repeat","background-position":"center center","background-size":"auto","background-attachment":"scroll","background-type":"","background-media":"","overlay-type":"","overlay-color":"","overlay-opacity":"","overlay-gradient":""},"tablet":{"background-color":"","background-image":"","background-repeat":"repeat","background-position":"center center","background-size":"auto","background-attachment":"scroll","background-type":"","background-media":"","overlay-type":"","overlay-color":"","overlay-opacity":"","overlay-gradient":""},"mobile":{"background-color":"","background-image":"","background-repeat":"repeat","background-position":"center center","background-size":"auto","background-attachment":"scroll","background-type":"","background-media":"","overlay-type":"","overlay-color":"","overlay-opacity":"","overlay-gradient":""}},"ast-content-background-meta":{"desktop":{"background-color":"var(--ast-global-color-5)","background-image":"","background-repeat":"repeat","background-position":"center center","background-size":"auto","background-attachment":"scroll","background-type":"","background-media":"","overlay-type":"","overlay-color":"","overlay-opacity":"","overlay-gradient":""},"tablet":{"background-color":"var(--ast-global-color-5)","background-image":"","background-repeat":"repeat","background-position":"center center","background-size":"auto","background-attachment":"scroll","background-type":"","background-media":"","overlay-type":"","overlay-color":"","overlay-opacity":"","overlay-gradient":""},"mobile":{"background-color":"var(--ast-global-color-5)","background-image":"","background-repeat":"repeat","background-position":"center center","background-size":"auto","background-attachment":"scroll","background-type":"","background-media":"","overlay-type":"","overlay-color":"","overlay-opacity":"","overlay-gradient":""}},"footnotes":""},"class_list":["post-2345","page","type-page","status-publish","hentry"],"_links":{"self":[{"href":"https:\/\/fundaciontruperias.org.mx\/index.php?rest_route=\/wp\/v2\/pages\/2345","targetHints":{"allow":["GET"]}}],"collection":[{"href":"https:\/\/fundaciontruperias.org.mx\/index.php?rest_route=\/wp\/v2\/pages"}],"about":[{"href":"https:\/\/fundaciontruperias.org.mx\/index.php?rest_route=\/wp\/v2\/types\/page"}],"author":[{"embeddable":true,"href":"https:\/\/fundaciontruperias.org.mx\/index.php?rest_route=\/wp\/v2\/users\/1"}],"replies":[{"embeddable":true,"href":"https:\/\/fundaciontruperias.org.mx\/index.php?rest_route=%2Fwp%2Fv2%2Fcomments&post=2345"}],"version-history":[{"count":70,"href":"https:\/\/fundaciontruperias.org.mx\/index.php?rest_route=\/wp\/v2\/pages\/2345\/revisions"}],"predecessor-version":[{"id":2619,"href":"https:\/\/fundaciontruperias.org.mx\/index.php?rest_route=\/wp\/v2\/pages\/2345\/revisions\/2619"}],"wp:attachment":[{"href":"https:\/\/fundaciontruperias.org.mx\/index.php?rest_route=%2Fwp%2Fv2%2Fmedia&parent=2345"}],"curies":[{"name":"wp","href":"https:\/\/api.w.org\/{rel}","templated":true}]}}